{"id":115,"date":"2022-11-30T14:59:06","date_gmt":"2022-11-30T14:59:06","guid":{"rendered":"https:\/\/www.sbs-disentis-zurich.ch\/schule\/igcse-9-und-10-schuljahr\/"},"modified":"2026-03-23T14:05:32","modified_gmt":"2026-03-23T14:05:32","slug":"igcse","status":"publish","type":"page","link":"https:\/\/www.sbs-disentis-zurich.ch\/de\/schule\/igcse\/","title":{"rendered":"IGCSE: 9. und 10. Schuljahr"},"content":{"rendered":"<p><div class=\"fusion-fullwidth fullwidth-box fusion-builder-row-1 fusion-flex-container nonhundred-percent-fullwidth non-hundred-percent-height-scrolling\" style=\"--awb-border-radius-top-left:0px;--awb-border-radius-top-right:0px;--awb-border-radius-bottom-right:0px;--awb-border-radius-bottom-left:0px;--awb-flex-wrap:wrap;\" ><div class=\"fusion-builder-row fusion-row fusion-flex-align-items-flex-start fusion-flex-content-wrap\" style=\"max-width:calc( 1200px + 20px );margin-left: calc(-20px \/ 2 );margin-right: calc(-20px \/ 2 );\"><div class=\"fusion-layout-column fusion_builder_column fusion-builder-column-0 fusion_builder_column_1_1 1_1 fusion-flex-column\" style=\"--awb-bg-size:cover;--awb-width-large:100%;--awb-margin-top-large:0px;--awb-spacing-right-large:10px;--awb-margin-bottom-large:0px;--awb-spacing-left-large:10px;--awb-width-medium:100%;--awb-spacing-right-medium:10px;--awb-spacing-left-medium:10px;--awb-width-small:100%;--awb-spacing-right-small:10px;--awb-spacing-left-small:10px;\"><div class=\"fusion-column-wrapper fusion-flex-justify-content-flex-start fusion-content-layout-column\"><div class=\"fusion-title title fusion-title-1 fusion-sep-none fusion-title-text fusion-title-size-one\"><h1 class=\"fusion-title-heading title-heading-left fusion-responsive-typography-calculated\" style=\"margin:0;--fontSize:36;line-height:var(--awb-typography1-line-height);\">IGCSE (9. UND 10. SCHULJAHR): BREITE ALLGEMEINBILDUNG<\/h1><\/div><\/div><\/div><\/div><\/div><div class=\"fusion-fullwidth fullwidth-box fusion-builder-row-2 fusion-flex-container has-pattern-background has-mask-background nonhundred-percent-fullwidth non-hundred-percent-height-scrolling\" style=\"--awb-border-radius-top-left:0px;--awb-border-radius-top-right:0px;--awb-border-radius-bottom-right:0px;--awb-border-radius-bottom-left:0px;--awb-flex-wrap:wrap;\" ><div class=\"fusion-builder-row fusion-row fusion-flex-align-items-flex-start fusion-flex-content-wrap\" style=\"max-width:calc( 1200px + 20px );margin-left: calc(-20px \/ 2 );margin-right: calc(-20px \/ 2 );\"><div class=\"fusion-layout-column fusion_builder_column fusion-builder-column-1 fusion_builder_column_2_3 2_3 fusion-flex-column\" style=\"--awb-bg-size:cover;--awb-width-large:66.666666666667%;--awb-margin-top-large:0px;--awb-spacing-right-large:40px;--awb-margin-bottom-large:20px;--awb-spacing-left-large:10px;--awb-width-medium:66.666666666667%;--awb-order-medium:0;--awb-spacing-right-medium:40px;--awb-spacing-left-medium:10px;--awb-width-small:100%;--awb-order-small:0;--awb-spacing-right-small:10px;--awb-spacing-left-small:10px;\"><div class=\"fusion-column-wrapper fusion-column-has-shadow fusion-flex-justify-content-flex-start fusion-content-layout-column\"><div class=\"fusion-text fusion-text-1\"><p>In den ersten beiden Jahren bereiten sich die Sch\u00fclerinnen und Sch\u00fcler auf das IGCSE vor, das International General Certificate of Secondary Education. Unsere bestens qualifizierten Lehrpersonen f\u00f6rdern sie ganzheitlich und vermitteln ihnen grundlegendes Wissen in Mathematik und Sprachen sowie weiteren Natur-, Geistes- und Sozialwissenschaften. Unterrichtssprache ist vorwiegend Englisch. F\u00fcr alle, die bei Eintritt noch nicht ganz das geforderte Englischniveau aufweisen, bieten wir zus\u00e4tzliche Sprachlektionen an.<\/p>\n<p>Beim IGCSE schliessen die Sch\u00fclerinnen und Sch\u00fcler jedes Fach dann ab, wenn sie daf\u00fcr bereit sind. Jedes Jahr stehen daf\u00fcr bis zu drei Pr\u00fcfungstermine zur Verf\u00fcgung. Wenn n\u00f6tig, k\u00f6nnen die Pr\u00fcfungen beliebig oft wiederholt werden.<\/p>\n<p>Das IGCSE ist in vielen L\u00e4ndern einem Mittelschulabschluss resp. einem High School Diploma gleichgestellt und berechtigt bereits zum Studium an gewissen Hochschulen und Colleges. Auch in der Schweiz ist es anerkannt und berechtigt zusammen mit einem Berufspraktikum zum \u00dcbertritt an eine H\u00f6here Fachschule (HF).<\/p>\n<\/div><div class=\"fusion-text fusion-text-2\"><p><strong>D\u00fcrfen wir Ihnen die M\u00f6glichkeiten aufzeigen, die sich Ihrer Tochter oder Ihrem Sohn mit den IGCSE er\u00f6ffnen? Nehmen Sie Kontakt mit uns auf. Wir freuen uns!\u00a0\u00a0<\/strong><\/p>\n<\/div><div ><a class=\"fusion-button button-flat fusion-button-default-size button-default fusion-button-default button-1 fusion-button-default-span fusion-button-default-type\" target=\"_self\" href=\"https:\/\/www.sbs-disentis-zurich.ch\/de\/beratung\/\"><span class=\"fusion-button-text\">Unverbindliche Beratung<\/span><\/a><\/div><\/div><\/div><div class=\"fusion-layout-column fusion_builder_column fusion-builder-column-2 fusion_builder_column_1_3 1_3 fusion-flex-column sbsbox\" style=\"--awb-padding-top:30px;--awb-padding-right:30px;--awb-padding-bottom:30px;--awb-padding-left:30px;--awb-bg-color:var(--awb-custom_color_4);--awb-bg-color-hover:var(--awb-custom_color_4);--awb-bg-size:cover;--awb-width-large:33.333333333333%;--awb-margin-top-large:0px;--awb-spacing-right-large:10px;--awb-margin-bottom-large:20px;--awb-spacing-left-large:10px;--awb-width-medium:33.333333333333%;--awb-order-medium:0;--awb-spacing-right-medium:10px;--awb-spacing-left-medium:10px;--awb-width-small:100%;--awb-order-small:0;--awb-spacing-right-small:10px;--awb-spacing-left-small:10px;\" data-scroll-devices=\"small-visibility,medium-visibility,large-visibility\"><div class=\"fusion-column-wrapper fusion-column-has-shadow fusion-flex-justify-content-flex-start fusion-content-layout-column\"><div class=\"fusion-title title fusion-title-2 fusion-sep-none fusion-title-text fusion-title-size-three\" style=\"--awb-margin-top:0px;--awb-margin-bottom:0px;\"><h3 class=\"fusion-title-heading title-heading-left fusion-responsive-typography-calculated\" style=\"margin:0;--fontSize:18;--minFontSize:18;line-height:var(--awb-typography1-line-height);\"><p class=\"p1\">VORTEILE DER IGCSE<\/p><\/h3><\/div><div class=\"accordian fusion-accordian\" style=\"--awb-border-size:1px;--awb-icon-size:10px;--awb-content-font-size:16px;--awb-icon-alignment:left;--awb-hover-color:var(--awb-color2);--awb-border-color:var(--awb-color3);--awb-background-color:var(--awb-color1);--awb-divider-color:var(--awb-color3);--awb-divider-hover-color:var(--awb-color3);--awb-icon-color:var(--awb-color1);--awb-title-color:var(--awb-color8);--awb-content-color:var(--awb-color8);--awb-icon-box-color:var(--awb-custom_color_1);--awb-toggle-hover-accent-color:var(--awb-color5);--awb-title-font-family:&quot;KSD Avenir Light&quot;;--awb-title-font-weight:400;--awb-title-font-style:normal;--awb-title-font-size:16px;--awb-content-font-family:&quot;KSD Avenir Light&quot;;--awb-content-font-style:normal;--awb-content-font-weight:400;\"><div class=\"panel-group fusion-toggle-icon-boxed\" id=\"accordion-115-1\"><div class=\"fusion-panel panel-default panel-0407a540347412e79 fusion-toggle-has-divider\" style=\"--awb-title-color:var(--awb-color8);\"><div class=\"panel-heading\"><h3 class=\"panel-title toggle\" id=\"toggle_0407a540347412e79\"><a aria-expanded=\"false\" aria-controls=\"0407a540347412e79\" role=\"button\" data-toggle=\"collapse\" data-parent=\"#accordion-115-1\" data-target=\"#0407a540347412e79\" href=\"#0407a540347412e79\"><span class=\"fusion-toggle-icon-wrapper\" aria-hidden=\"true\"><i class=\"fa-fusion-box active-icon fa-minus fas\" aria-hidden=\"true\"><\/i><i class=\"fa-fusion-box inactive-icon fa-plus fas\" aria-hidden=\"true\"><\/i><\/span><span class=\"fusion-toggle-heading\">Breite Allgemeinbildung mit bis zu 10 F\u00e4chern <\/span><\/a><\/h3><\/div><div id=\"0407a540347412e79\" class=\"panel-collapse collapse \" aria-labelledby=\"toggle_0407a540347412e79\"><div class=\"panel-body toggle-content fusion-clearfix\">\n<p class=\"p1\">Englisch, Deutsch, Mathematik, Biologie, Wirtschaft, Geografie, Sport, Kunst, Life Skills. Weitere F\u00e4cher auf Anfrage.<\/p>\n<\/div><\/div><\/div><div class=\"fusion-panel panel-default panel-0c95ef5b655221603 fusion-toggle-has-divider\" style=\"--awb-title-color:var(--awb-color8);\"><div class=\"panel-heading\"><h3 class=\"panel-title toggle\" id=\"toggle_0c95ef5b655221603\"><a aria-expanded=\"false\" aria-controls=\"0c95ef5b655221603\" role=\"button\" data-toggle=\"collapse\" data-parent=\"#accordion-115-1\" data-target=\"#0c95ef5b655221603\" href=\"#0c95ef5b655221603\"><span class=\"fusion-toggle-icon-wrapper\" aria-hidden=\"true\"><i class=\"fa-fusion-box active-icon fa-minus fas\" aria-hidden=\"true\"><\/i><i class=\"fa-fusion-box inactive-icon fa-plus fas\" aria-hidden=\"true\"><\/i><\/span><span class=\"fusion-toggle-heading\">Eigenst\u00e4ndiger Abschluss<\/span><\/a><\/h3><\/div><div id=\"0c95ef5b655221603\" class=\"panel-collapse collapse \" aria-labelledby=\"toggle_0c95ef5b655221603\"><div class=\"panel-body toggle-content fusion-clearfix\">\n<p class=\"p1\">Die IGCSE sind weltweit anerkannt und berechtigen in vielen L\u00e4ndern zu weiterf\u00fchrenden Studien.<\/p>\n<\/div><\/div><\/div><div class=\"fusion-panel panel-default panel-10e9910982d8c57e0 fusion-toggle-has-divider\" style=\"--awb-title-color:var(--awb-color8);\"><div class=\"panel-heading\"><h3 class=\"panel-title toggle\" id=\"toggle_10e9910982d8c57e0\"><a aria-expanded=\"false\" aria-controls=\"10e9910982d8c57e0\" role=\"button\" data-toggle=\"collapse\" data-parent=\"#accordion-115-1\" data-target=\"#10e9910982d8c57e0\" href=\"#10e9910982d8c57e0\"><span class=\"fusion-toggle-icon-wrapper\" aria-hidden=\"true\"><i class=\"fa-fusion-box active-icon fa-minus fas\" aria-hidden=\"true\"><\/i><i class=\"fa-fusion-box inactive-icon fa-plus fas\" aria-hidden=\"true\"><\/i><\/span><span class=\"fusion-toggle-heading\">Hohe Zielorientierung<\/span><\/a><\/h3><\/div><div id=\"10e9910982d8c57e0\" class=\"panel-collapse collapse \" aria-labelledby=\"toggle_10e9910982d8c57e0\"><div class=\"panel-body toggle-content fusion-clearfix\">\n<p class=\"p1\">Strukturierter Lehrplan mit klaren Lernzielen, der alle Sch\u00fclerinnen und Sch\u00fcler so f\u00f6rdert, dass sie ihr volles Potenzial aussch\u00f6pfen k\u00f6nnen.<\/p>\n<\/div><\/div><\/div><div class=\"fusion-panel panel-default panel-1a5e6e662203f4bb7 fusion-toggle-has-divider\" style=\"--awb-title-color:var(--awb-color8);\"><div class=\"panel-heading\"><h3 class=\"panel-title toggle\" id=\"toggle_1a5e6e662203f4bb7\"><a aria-expanded=\"false\" aria-controls=\"1a5e6e662203f4bb7\" role=\"button\" data-toggle=\"collapse\" data-parent=\"#accordion-115-1\" data-target=\"#1a5e6e662203f4bb7\" href=\"#1a5e6e662203f4bb7\"><span class=\"fusion-toggle-icon-wrapper\" aria-hidden=\"true\"><i class=\"fa-fusion-box active-icon fa-minus fas\" aria-hidden=\"true\"><\/i><i class=\"fa-fusion-box inactive-icon fa-plus fas\" aria-hidden=\"true\"><\/i><\/span><span class=\"fusion-toggle-heading\">Flexibles Pr\u00fcfungssystem<\/span><\/a><\/h3><\/div><div id=\"1a5e6e662203f4bb7\" class=\"panel-collapse collapse \" aria-labelledby=\"toggle_1a5e6e662203f4bb7\"><div class=\"panel-body toggle-content fusion-clearfix\">\n<p class=\"p1\">Bis zu drei Pr\u00fcfungstermine pro Jahr. Sofern n\u00f6tig, k\u00f6nnen die Pr\u00fcfungen mehrmals wiederholt werden.<\/p>\n<\/div><\/div><\/div><\/div><\/div><div class=\"fusion-separator fusion-full-width-sep\" style=\"align-self: center;margin-left: auto;margin-right: auto;margin-top:10px;margin-bottom:10px;width:100%;\"><\/div><div class=\"fusion-title title fusion-title-3 fusion-sep-none fusion-title-text fusion-title-size-three\" style=\"--awb-margin-top:0px;--awb-margin-bottom:0px;\"><h3 class=\"fusion-title-heading title-heading-left fusion-responsive-typography-calculated\" style=\"margin:0;--fontSize:18;--minFontSize:18;line-height:var(--awb-typography1-line-height);\"><p class=\"p1\">Vom Traum zum Traumberuf<\/p><\/h3><\/div><div class=\"fusion-text fusion-text-3\"><p class=\"p1\">Mit den International A Levels<\/p>\n<\/div><div class=\"fusion-text fusion-text-4\"><div class=\"video-shortcode\"><iframe hcb-fetch-image-from=\"https:\/\/youtu.be\/uE0Atf0LOfg\" title=\"A Levels - Erkl\u00e4rvideo\" width=\"1200\" height=\"675\" src=\"https:\/\/www.youtube.com\/embed\/uE0Atf0LOfg?feature=oembed\" frameborder=\"0\" allow=\"accelerometer; autoplay; clipboard-write; encrypted-media; gyroscope; picture-in-picture; web-share\" referrerpolicy=\"strict-origin-when-cross-origin\" allowfullscreen><\/iframe><\/div>\n<\/div><div class=\"fusion-separator fusion-full-width-sep\" style=\"align-self: center;margin-left: auto;margin-right: auto;margin-top:10px;margin-bottom:10px;width:100%;\"><\/div><div class=\"fusion-title title fusion-title-4 fusion-sep-none fusion-title-text fusion-title-size-three\" style=\"--awb-margin-top:0px;--awb-margin-bottom:0px;\"><h3 class=\"fusion-title-heading title-heading-left fusion-responsive-typography-calculated\" style=\"margin:0;--fontSize:18;--minFontSize:18;line-height:var(--awb-typography1-line-height);\"><p class=\"p1\">IAL, IB ODER EIDG. MATURA?<\/p><\/h3><\/div><div class=\"fusion-text fusion-text-5\"><p class=\"p1\">Hier finden Sie die Unterschiede dieser drei Maturit\u00e4tsabschl\u00fcsse<\/p>\n<\/div><div ><a class=\"fusion-button button-flat fusion-button-default-size button-default fusion-button-default button-2 fusion-button-default-span fusion-button-default-type\" target=\"_blank\" rel=\"noopener noreferrer\" href=\"https:\/\/www.sbs-disentis-zurich.ch\/wp-content\/uploads\/Gegenueberstellung_DE-2.pdf\"><span class=\"fusion-button-text\">Maturaprogramme im Vergleich<\/span><\/a><\/div><\/div><\/div><\/div><\/div><\/p>\n","protected":false},"excerpt":{"rendered":"","protected":false},"author":1,"featured_media":0,"parent":112,"menu_order":0,"comment_status":"closed","ping_status":"closed","template":"100-width.php","meta":{"_acf_changed":false,"footnotes":""},"class_list":["post-115","page","type-page","status-publish","hentry"],"acf":[],"yoast_head":"<!-- This site is optimized with the Yoast SEO plugin v23.7 - https:\/\/yoast.com\/wordpress\/plugins\/seo\/ -->\n<title>IGCSE: 9. und 10. Schuljahr - Swiss Boarding Schools Disentis &amp; Zurich<\/title>\n<meta name=\"robots\" content=\"index, follow, max-snippet:-1, max-image-preview:large, max-video-preview:-1\" \/>\n<link rel=\"canonical\" href=\"https:\/\/www.sbs-disentis-zurich.ch\/de\/schule\/igcse\/\" \/>\n<meta property=\"og:locale\" content=\"de_DE\" \/>\n<meta property=\"og:type\" content=\"article\" \/>\n<meta property=\"og:title\" content=\"IGCSE: 9. und 10. Schuljahr - Swiss Boarding Schools Disentis &amp; Zurich\" \/>\n<meta property=\"og:url\" content=\"https:\/\/www.sbs-disentis-zurich.ch\/de\/schule\/igcse\/\" \/>\n<meta property=\"og:site_name\" content=\"Swiss Boarding Schools Disentis &amp; Zurich\" \/>\n<meta property=\"article:modified_time\" content=\"2026-03-23T14:05:32+00:00\" \/>\n<meta name=\"twitter:card\" content=\"summary_large_image\" \/>\n<meta name=\"twitter:label1\" content=\"Gesch\u00e4tzte Lesezeit\" \/>\n\t<meta name=\"twitter:data1\" content=\"2\u00a0Minuten\" \/>\n<script type=\"application\/ld+json\" class=\"yoast-schema-graph\">{\"@context\":\"https:\/\/schema.org\",\"@graph\":[{\"@type\":\"WebPage\",\"@id\":\"https:\/\/www.sbs-disentis-zurich.ch\/de\/schule\/igcse\/\",\"url\":\"https:\/\/www.sbs-disentis-zurich.ch\/de\/schule\/igcse\/\",\"name\":\"IGCSE: 9. und 10. Schuljahr - Swiss Boarding Schools Disentis &amp; Zurich\",\"isPartOf\":{\"@id\":\"https:\/\/www.sbs-disentis-zurich.ch\/#website\"},\"datePublished\":\"2022-11-30T14:59:06+00:00\",\"dateModified\":\"2026-03-23T14:05:32+00:00\",\"breadcrumb\":{\"@id\":\"https:\/\/www.sbs-disentis-zurich.ch\/de\/schule\/igcse\/#breadcrumb\"},\"inLanguage\":\"de\",\"potentialAction\":[{\"@type\":\"ReadAction\",\"target\":[\"https:\/\/www.sbs-disentis-zurich.ch\/de\/schule\/igcse\/\"]}]},{\"@type\":\"BreadcrumbList\",\"@id\":\"https:\/\/www.sbs-disentis-zurich.ch\/de\/schule\/igcse\/#breadcrumb\",\"itemListElement\":[{\"@type\":\"ListItem\",\"position\":1,\"name\":\"Home\",\"item\":\"https:\/\/www.sbs-disentis-zurich.ch\/de\/\"},{\"@type\":\"ListItem\",\"position\":2,\"name\":\"Schule\",\"item\":\"https:\/\/www.sbs-disentis-zurich.ch\/de\/schule\/\"},{\"@type\":\"ListItem\",\"position\":3,\"name\":\"IGCSE: 9. und 10. Schuljahr\"}]},{\"@type\":\"WebSite\",\"@id\":\"https:\/\/www.sbs-disentis-zurich.ch\/#website\",\"url\":\"https:\/\/www.sbs-disentis-zurich.ch\/\",\"name\":\"Swiss Boarding Schools Disentis & Zurich\",\"description\":\"\",\"publisher\":{\"@id\":\"https:\/\/www.sbs-disentis-zurich.ch\/#organization\"},\"potentialAction\":[{\"@type\":\"SearchAction\",\"target\":{\"@type\":\"EntryPoint\",\"urlTemplate\":\"https:\/\/www.sbs-disentis-zurich.ch\/?s={search_term_string}\"},\"query-input\":{\"@type\":\"PropertyValueSpecification\",\"valueRequired\":true,\"valueName\":\"search_term_string\"}}],\"inLanguage\":\"de\"},{\"@type\":\"Organization\",\"@id\":\"https:\/\/www.sbs-disentis-zurich.ch\/#organization\",\"name\":\"Swiss Boarding Schools Disentis &; Zurich\",\"url\":\"https:\/\/www.sbs-disentis-zurich.ch\/\",\"logo\":{\"@type\":\"ImageObject\",\"inLanguage\":\"de\",\"@id\":\"https:\/\/www.sbs-disentis-zurich.ch\/#\/schema\/logo\/image\/\",\"url\":\"https:\/\/www.sbs-disentis-zurich.ch\/wp-content\/uploads\/sbsdz-2x.png\",\"contentUrl\":\"https:\/\/www.sbs-disentis-zurich.ch\/wp-content\/uploads\/sbsdz-2x.png\",\"width\":520,\"height\":112,\"caption\":\"Swiss Boarding Schools Disentis &; Zurich\"},\"image\":{\"@id\":\"https:\/\/www.sbs-disentis-zurich.ch\/#\/schema\/logo\/image\/\"}}]}<\/script>\n<!-- \/ Yoast SEO plugin. -->","yoast_head_json":{"title":"IGCSE: 9. und 10. Schuljahr - Swiss Boarding Schools Disentis &amp; Zurich","robots":{"index":"index","follow":"follow","max-snippet":"max-snippet:-1","max-image-preview":"max-image-preview:large","max-video-preview":"max-video-preview:-1"},"canonical":"https:\/\/www.sbs-disentis-zurich.ch\/de\/schule\/igcse\/","og_locale":"de_DE","og_type":"article","og_title":"IGCSE: 9. und 10. Schuljahr - Swiss Boarding Schools Disentis &amp; Zurich","og_url":"https:\/\/www.sbs-disentis-zurich.ch\/de\/schule\/igcse\/","og_site_name":"Swiss Boarding Schools Disentis &amp; Zurich","article_modified_time":"2026-03-23T14:05:32+00:00","twitter_card":"summary_large_image","twitter_misc":{"Gesch\u00e4tzte Lesezeit":"2\u00a0Minuten"},"schema":{"@context":"https:\/\/schema.org","@graph":[{"@type":"WebPage","@id":"https:\/\/www.sbs-disentis-zurich.ch\/de\/schule\/igcse\/","url":"https:\/\/www.sbs-disentis-zurich.ch\/de\/schule\/igcse\/","name":"IGCSE: 9. und 10. Schuljahr - Swiss Boarding Schools Disentis &amp; Zurich","isPartOf":{"@id":"https:\/\/www.sbs-disentis-zurich.ch\/#website"},"datePublished":"2022-11-30T14:59:06+00:00","dateModified":"2026-03-23T14:05:32+00:00","breadcrumb":{"@id":"https:\/\/www.sbs-disentis-zurich.ch\/de\/schule\/igcse\/#breadcrumb"},"inLanguage":"de","potentialAction":[{"@type":"ReadAction","target":["https:\/\/www.sbs-disentis-zurich.ch\/de\/schule\/igcse\/"]}]},{"@type":"BreadcrumbList","@id":"https:\/\/www.sbs-disentis-zurich.ch\/de\/schule\/igcse\/#breadcrumb","itemListElement":[{"@type":"ListItem","position":1,"name":"Home","item":"https:\/\/www.sbs-disentis-zurich.ch\/de\/"},{"@type":"ListItem","position":2,"name":"Schule","item":"https:\/\/www.sbs-disentis-zurich.ch\/de\/schule\/"},{"@type":"ListItem","position":3,"name":"IGCSE: 9. und 10. Schuljahr"}]},{"@type":"WebSite","@id":"https:\/\/www.sbs-disentis-zurich.ch\/#website","url":"https:\/\/www.sbs-disentis-zurich.ch\/","name":"Swiss Boarding Schools Disentis & Zurich","description":"","publisher":{"@id":"https:\/\/www.sbs-disentis-zurich.ch\/#organization"},"potentialAction":[{"@type":"SearchAction","target":{"@type":"EntryPoint","urlTemplate":"https:\/\/www.sbs-disentis-zurich.ch\/?s={search_term_string}"},"query-input":{"@type":"PropertyValueSpecification","valueRequired":true,"valueName":"search_term_string"}}],"inLanguage":"de"},{"@type":"Organization","@id":"https:\/\/www.sbs-disentis-zurich.ch\/#organization","name":"Swiss Boarding Schools Disentis &; Zurich","url":"https:\/\/www.sbs-disentis-zurich.ch\/","logo":{"@type":"ImageObject","inLanguage":"de","@id":"https:\/\/www.sbs-disentis-zurich.ch\/#\/schema\/logo\/image\/","url":"https:\/\/www.sbs-disentis-zurich.ch\/wp-content\/uploads\/sbsdz-2x.png","contentUrl":"https:\/\/www.sbs-disentis-zurich.ch\/wp-content\/uploads\/sbsdz-2x.png","width":520,"height":112,"caption":"Swiss Boarding Schools Disentis &; Zurich"},"image":{"@id":"https:\/\/www.sbs-disentis-zurich.ch\/#\/schema\/logo\/image\/"}}]}},"_links":{"self":[{"href":"https:\/\/www.sbs-disentis-zurich.ch\/de\/wp-json\/wp\/v2\/pages\/115","targetHints":{"allow":["GET"]}}],"collection":[{"href":"https:\/\/www.sbs-disentis-zurich.ch\/de\/wp-json\/wp\/v2\/pages"}],"about":[{"href":"https:\/\/www.sbs-disentis-zurich.ch\/de\/wp-json\/wp\/v2\/types\/page"}],"author":[{"embeddable":true,"href":"https:\/\/www.sbs-disentis-zurich.ch\/de\/wp-json\/wp\/v2\/users\/1"}],"replies":[{"embeddable":true,"href":"https:\/\/www.sbs-disentis-zurich.ch\/de\/wp-json\/wp\/v2\/comments?post=115"}],"version-history":[{"count":31,"href":"https:\/\/www.sbs-disentis-zurich.ch\/de\/wp-json\/wp\/v2\/pages\/115\/revisions"}],"predecessor-version":[{"id":3245,"href":"https:\/\/www.sbs-disentis-zurich.ch\/de\/wp-json\/wp\/v2\/pages\/115\/revisions\/3245"}],"up":[{"embeddable":true,"href":"https:\/\/www.sbs-disentis-zurich.ch\/de\/wp-json\/wp\/v2\/pages\/112"}],"wp:attachment":[{"href":"https:\/\/www.sbs-disentis-zurich.ch\/de\/wp-json\/wp\/v2\/media?parent=115"}],"curies":[{"name":"wp","href":"https:\/\/api.w.org\/{rel}","templated":true}]}}