{"id":116,"date":"2022-11-30T14:59:17","date_gmt":"2022-11-30T14:59:17","guid":{"rendered":"https:\/\/www.sbs-disentis-zurich.ch\/schule\/international-a-levels-11-und-12-schuljahr\/"},"modified":"2026-03-23T14:17:46","modified_gmt":"2026-03-23T14:17:46","slug":"international-a-levels","status":"publish","type":"page","link":"https:\/\/www.sbs-disentis-zurich.ch\/de\/schule\/international-a-levels\/","title":{"rendered":"International A Levels: 11. und 12. Schuljahr"},"content":{"rendered":"<p><div class=\"fusion-fullwidth fullwidth-box fusion-builder-row-1 fusion-flex-container nonhundred-percent-fullwidth non-hundred-percent-height-scrolling\" style=\"--awb-border-radius-top-left:0px;--awb-border-radius-top-right:0px;--awb-border-radius-bottom-right:0px;--awb-border-radius-bottom-left:0px;--awb-flex-wrap:wrap;\" ><div class=\"fusion-builder-row fusion-row fusion-flex-align-items-flex-start fusion-flex-content-wrap\" style=\"max-width:calc( 1200px + 20px );margin-left: calc(-20px \/ 2 );margin-right: calc(-20px \/ 2 );\"><div class=\"fusion-layout-column fusion_builder_column fusion-builder-column-0 fusion_builder_column_1_1 1_1 fusion-flex-column\" style=\"--awb-bg-size:cover;--awb-width-large:100%;--awb-margin-top-large:0px;--awb-spacing-right-large:10px;--awb-margin-bottom-large:0px;--awb-spacing-left-large:10px;--awb-width-medium:100%;--awb-spacing-right-medium:10px;--awb-spacing-left-medium:10px;--awb-width-small:100%;--awb-spacing-right-small:10px;--awb-spacing-left-small:10px;\"><div class=\"fusion-column-wrapper fusion-flex-justify-content-flex-start fusion-content-layout-column\"><div class=\"fusion-title title fusion-title-1 fusion-sep-none fusion-title-text fusion-title-size-one\"><h1 class=\"fusion-title-heading title-heading-left fusion-responsive-typography-calculated\" style=\"margin:0;--fontSize:36;line-height:var(--awb-typography1-line-height);\">INTERNATIONAL A LEVEL: ZIELGERICHTET DIE ST\u00c4RKEN F\u00d6RDERN<\/h1><\/div><\/div><\/div><\/div><\/div><div class=\"fusion-fullwidth fullwidth-box fusion-builder-row-2 fusion-flex-container has-pattern-background has-mask-background nonhundred-percent-fullwidth non-hundred-percent-height-scrolling\" style=\"--awb-border-radius-top-left:0px;--awb-border-radius-top-right:0px;--awb-border-radius-bottom-right:0px;--awb-border-radius-bottom-left:0px;--awb-flex-wrap:wrap;\" ><div class=\"fusion-builder-row fusion-row fusion-flex-align-items-flex-start fusion-flex-content-wrap\" style=\"max-width:calc( 1200px + 20px );margin-left: calc(-20px \/ 2 );margin-right: calc(-20px \/ 2 );\"><div class=\"fusion-layout-column fusion_builder_column fusion-builder-column-1 fusion_builder_column_2_3 2_3 fusion-flex-column\" style=\"--awb-bg-size:cover;--awb-width-large:66.666666666667%;--awb-margin-top-large:0px;--awb-spacing-right-large:40px;--awb-margin-bottom-large:20px;--awb-spacing-left-large:10px;--awb-width-medium:66.666666666667%;--awb-order-medium:0;--awb-spacing-right-medium:40px;--awb-spacing-left-medium:10px;--awb-width-small:100%;--awb-order-small:0;--awb-spacing-right-small:10px;--awb-spacing-left-small:10px;\"><div class=\"fusion-column-wrapper fusion-column-has-shadow fusion-flex-justify-content-flex-start fusion-content-layout-column\"><div class=\"fusion-text fusion-text-1\"><p>Der weltweit verbreitetste Mittelschulabschluss wird von Universit\u00e4ten und Hochschulen auf der ganzen Welt anerkannt. Besonderes Merkmal der International A Levels: Die Lernenden konzentrieren sich in der Regel auf drei bis vier F\u00e4cher, die sie intensiv studieren. Diese Fokussierung auf die individuellen St\u00e4rken und Interessen sorgt f\u00fcr hohe Motivation und starke Leistungen. So steigen sie perfekt vorbereitet ins Unistudium ein.<\/p>\n<p>Wir begleiten alle Sch\u00fclerinnen und Sch\u00fcler eng und unterst\u00fctzen sie dabei, ihre Ziele zu erreichen. Gerne unterst\u00fctzen wir sie auch bei der Wahl der passenden Studienrichtung und Universit\u00e4t.<\/p>\n<p>Mit einem vielseitigen und attraktiven Freifachangebot und ausserschulischen Aktivit\u00e4ten schaffen wir einen Ausgleich zum Lernen und f\u00f6rdern die pers\u00f6nliche Entwicklung.<\/p>\n<p>Interessiert an einem H\u00f6hereintritt? Mit einem individuellen Einstufungsverfahren stellen wir sicher, dass Ihre Tochter, Ihr Sohn die erforderlichen Kenntnisse mitbringt, um dem Unterricht bestm\u00f6glich folgen zu k\u00f6nnen.<\/p>\n<\/div><div class=\"fusion-text fusion-text-2\"><p><strong>International A Level sind die perfekte Vorbereitung auf ein Universit\u00e4ts- oder Hochschulstudium. Gerne erz\u00e4hlen wir Ihnen im pers\u00f6nlichen Gespr\u00e4ch mehr dar\u00fcber. Vereinbaren Sie einen Termin mit uns.\u00a0<\/strong><\/p>\n<\/div><div ><a class=\"fusion-button button-flat fusion-button-default-size button-default fusion-button-default button-1 fusion-button-default-span fusion-button-default-type\" target=\"_self\" href=\"https:\/\/www.sbs-disentis-zurich.ch\/de\/beratung\/\"><span class=\"fusion-button-text\">Unverbindliche Beratung<\/span><\/a><\/div><\/div><\/div><div class=\"fusion-layout-column fusion_builder_column fusion-builder-column-2 fusion_builder_column_1_3 1_3 fusion-flex-column\" style=\"--awb-padding-top:30px;--awb-padding-right:30px;--awb-padding-bottom:30px;--awb-padding-left:30px;--awb-bg-color:var(--awb-custom_color_4);--awb-bg-color-hover:var(--awb-custom_color_4);--awb-bg-size:cover;--awb-width-large:33.333333333333%;--awb-margin-top-large:0px;--awb-spacing-right-large:10px;--awb-margin-bottom-large:20px;--awb-spacing-left-large:10px;--awb-width-medium:33.333333333333%;--awb-order-medium:0;--awb-spacing-right-medium:10px;--awb-spacing-left-medium:10px;--awb-width-small:100%;--awb-order-small:0;--awb-spacing-right-small:10px;--awb-spacing-left-small:10px;\" data-scroll-devices=\"small-visibility,medium-visibility,large-visibility\"><div class=\"fusion-column-wrapper fusion-column-has-shadow fusion-flex-justify-content-flex-start fusion-content-layout-column\"><div class=\"fusion-title title fusion-title-2 fusion-sep-none fusion-title-text fusion-title-size-three\" style=\"--awb-margin-top:0px;--awb-margin-bottom:0px;\"><h3 class=\"fusion-title-heading title-heading-left fusion-responsive-typography-calculated\" style=\"margin:0;--fontSize:18;--minFontSize:18;line-height:var(--awb-typography1-line-height);\"><p class=\"p1\">VORTEILE DER INTERNATIONAL A LEVEL<\/p><\/h3><\/div><div class=\"accordian fusion-accordian\" style=\"--awb-border-size:1px;--awb-icon-size:10px;--awb-content-font-size:16px;--awb-icon-alignment:left;--awb-hover-color:var(--awb-color2);--awb-border-color:var(--awb-color3);--awb-background-color:var(--awb-color1);--awb-divider-color:var(--awb-color3);--awb-divider-hover-color:var(--awb-color3);--awb-icon-color:var(--awb-color1);--awb-title-color:var(--awb-color8);--awb-content-color:var(--awb-color8);--awb-icon-box-color:var(--awb-custom_color_1);--awb-toggle-hover-accent-color:var(--awb-color5);--awb-title-font-family:&quot;KSD Avenir Light&quot;;--awb-title-font-weight:400;--awb-title-font-style:normal;--awb-title-font-size:16px;--awb-content-font-family:&quot;KSD Avenir Light&quot;;--awb-content-font-style:normal;--awb-content-font-weight:400;\"><div class=\"panel-group fusion-toggle-icon-boxed\" id=\"accordion-116-1\"><div class=\"fusion-panel panel-default panel-c8ca70cd4da9075a7 fusion-toggle-has-divider\" style=\"--awb-title-color:var(--awb-color8);\"><div class=\"panel-heading\"><h3 class=\"panel-title toggle\" id=\"toggle_c8ca70cd4da9075a7\"><a aria-expanded=\"false\" aria-controls=\"c8ca70cd4da9075a7\" role=\"button\" data-toggle=\"collapse\" data-parent=\"#accordion-116-1\" data-target=\"#c8ca70cd4da9075a7\" href=\"#c8ca70cd4da9075a7\"><span class=\"fusion-toggle-icon-wrapper\" aria-hidden=\"true\"><i class=\"fa-fusion-box active-icon fa-minus fas\" aria-hidden=\"true\"><\/i><i class=\"fa-fusion-box inactive-icon fa-plus fas\" aria-hidden=\"true\"><\/i><\/span><span class=\"fusion-toggle-heading\">Wahlm\u00f6glichkeiten und Flexibilit\u00e4t <\/span><\/a><\/h3><\/div><div id=\"c8ca70cd4da9075a7\" class=\"panel-collapse collapse \" aria-labelledby=\"toggle_c8ca70cd4da9075a7\"><div class=\"panel-body toggle-content fusion-clearfix\">\n<p class=\"p1\">Konzentration auf 3 \u2013 5 F\u00e4cher, f\u00fcr die sich Sch\u00fclerinnen und Sch\u00fcler interessieren. Angebotene F\u00e4cher: Englisch, Deutsch, Mathematik, Biologie, Geschichte, Wirtschaft, Geografie. Weitere F\u00e4cher auf Anfrage.<\/p>\n<\/div><\/div><\/div><div class=\"fusion-panel panel-default panel-898c62ed6832073c9 fusion-toggle-has-divider\" style=\"--awb-title-color:var(--awb-color8);\"><div class=\"panel-heading\"><h3 class=\"panel-title toggle\" id=\"toggle_898c62ed6832073c9\"><a aria-expanded=\"false\" aria-controls=\"898c62ed6832073c9\" role=\"button\" data-toggle=\"collapse\" data-parent=\"#accordion-116-1\" data-target=\"#898c62ed6832073c9\" href=\"#898c62ed6832073c9\"><span class=\"fusion-toggle-icon-wrapper\" aria-hidden=\"true\"><i class=\"fa-fusion-box active-icon fa-minus fas\" aria-hidden=\"true\"><\/i><i class=\"fa-fusion-box inactive-icon fa-plus fas\" aria-hidden=\"true\"><\/i><\/span><span class=\"fusion-toggle-heading\">Weltweite Anerkennung von Universit\u00e4ten und Hochschulen<\/span><\/a><\/h3><\/div><div id=\"898c62ed6832073c9\" class=\"panel-collapse collapse \" aria-labelledby=\"toggle_898c62ed6832073c9\"><div class=\"panel-body toggle-content fusion-clearfix\">\n<p class=\"p1\">Die International A Level \u00f6ffnen die T\u00fcren zu allen Universit\u00e4ten in der Schweiz (z.B. HSG, ETH) und im Ausland, allen voran den Top-Universit\u00e4ten der Ivy-League (Harvard, Princeton, Yale etc.) und den britischen Elite-Universit\u00e4ten (Oxford, Cambridge).<\/p>\n<\/div><\/div><\/div><div class=\"fusion-panel panel-default panel-adbd53fd89d6aef9e fusion-toggle-has-divider\" style=\"--awb-title-color:var(--awb-color8);\"><div class=\"panel-heading\"><h3 class=\"panel-title toggle\" id=\"toggle_adbd53fd89d6aef9e\"><a aria-expanded=\"false\" aria-controls=\"adbd53fd89d6aef9e\" role=\"button\" data-toggle=\"collapse\" data-parent=\"#accordion-116-1\" data-target=\"#adbd53fd89d6aef9e\" href=\"#adbd53fd89d6aef9e\"><span class=\"fusion-toggle-icon-wrapper\" aria-hidden=\"true\"><i class=\"fa-fusion-box active-icon fa-minus fas\" aria-hidden=\"true\"><\/i><i class=\"fa-fusion-box inactive-icon fa-plus fas\" aria-hidden=\"true\"><\/i><\/span><span class=\"fusion-toggle-heading\">Ideale Vorbereitung auf ein Unistudium<\/span><\/a><\/h3><\/div><div id=\"adbd53fd89d6aef9e\" class=\"panel-collapse collapse \" aria-labelledby=\"toggle_adbd53fd89d6aef9e\"><div class=\"panel-body toggle-content fusion-clearfix\">\n<p class=\"p1\">Vertiefte Auseinandersetzung mit dem Lernstoff sowie F\u00f6rderung von selbstst\u00e4ndigem Arbeiten und kritischem Denken.<\/p>\n<\/div><\/div><\/div><div class=\"fusion-panel panel-default panel-ee70ed33bcbc826af fusion-toggle-has-divider\" style=\"--awb-title-color:var(--awb-color8);\"><div class=\"panel-heading\"><h3 class=\"panel-title toggle\" id=\"toggle_ee70ed33bcbc826af\"><a aria-expanded=\"false\" aria-controls=\"ee70ed33bcbc826af\" role=\"button\" data-toggle=\"collapse\" data-parent=\"#accordion-116-1\" data-target=\"#ee70ed33bcbc826af\" href=\"#ee70ed33bcbc826af\"><span class=\"fusion-toggle-icon-wrapper\" aria-hidden=\"true\"><i class=\"fa-fusion-box active-icon fa-minus fas\" aria-hidden=\"true\"><\/i><i class=\"fa-fusion-box inactive-icon fa-plus fas\" aria-hidden=\"true\"><\/i><\/span><span class=\"fusion-toggle-heading\">Flexibles Pr\u00fcfungssystem<\/span><\/a><\/h3><\/div><div id=\"ee70ed33bcbc826af\" class=\"panel-collapse collapse \" aria-labelledby=\"toggle_ee70ed33bcbc826af\"><div class=\"panel-body toggle-content fusion-clearfix\">\n<p class=\"p1\">Bis zu drei Pr\u00fcfungstermine pro Jahr. Sofern n\u00f6tig, k\u00f6nnen die Pr\u00fcfungen mehrmals wiederholt werden.<\/p>\n<\/div><\/div><\/div><\/div><\/div><div class=\"fusion-separator fusion-full-width-sep\" style=\"align-self: center;margin-left: auto;margin-right: auto;margin-top:20px;margin-bottom:20px;width:100%;\"><\/div><div class=\"fusion-title title fusion-title-3 fusion-sep-none fusion-title-text fusion-title-size-three\"><h3 class=\"fusion-title-heading title-heading-left fusion-responsive-typography-calculated\" style=\"margin:0;--fontSize:18;--minFontSize:18;line-height:var(--awb-typography1-line-height);\"><p class=\"p1\">Vom Traum zum Traumberuf<\/p><\/h3><\/div><div class=\"fusion-text fusion-text-3\"><p class=\"p1\">Mit den International A Levels<\/p>\n<div class=\"video-shortcode\"><iframe hcb-fetch-image-from=\"https:\/\/youtu.be\/uE0Atf0LOfg\" title=\"A Levels - Erkl\u00e4rvideo\" width=\"1200\" height=\"675\" src=\"https:\/\/www.youtube.com\/embed\/uE0Atf0LOfg?feature=oembed\" frameborder=\"0\" allow=\"accelerometer; autoplay; clipboard-write; encrypted-media; gyroscope; picture-in-picture; web-share\" referrerpolicy=\"strict-origin-when-cross-origin\" allowfullscreen><\/iframe><\/div>\n<\/div><div class=\"fusion-separator fusion-full-width-sep\" style=\"align-self: center;margin-left: auto;margin-right: auto;margin-top:20px;margin-bottom:20px;width:100%;\"><\/div><div class=\"fusion-title title fusion-title-4 fusion-sep-none fusion-title-text fusion-title-size-three\"><h3 class=\"fusion-title-heading title-heading-left fusion-responsive-typography-calculated\" style=\"margin:0;--fontSize:18;--minFontSize:18;line-height:var(--awb-typography1-line-height);\"><p class=\"p1\">IAL, IB ODER EIDG. MATURA?<\/p><\/h3><\/div><div class=\"fusion-text fusion-text-4\"><p class=\"p1\">Hier finden Sie die Unterschiede dieser drei Maturit\u00e4tsabschl\u00fcsse<\/p>\n<\/div><div ><a class=\"fusion-button button-flat fusion-button-default-size button-default fusion-button-default button-2 fusion-button-default-span fusion-button-default-type\" target=\"_blank\" rel=\"noopener noreferrer\" href=\"https:\/\/www.sbs-disentis-zurich.ch\/wp-content\/uploads\/Gegenueberstellung_DE-2.pdf\"><span class=\"fusion-button-text\">Maturaprogramme im Vergleich<\/span><\/a><\/div><\/div><\/div><\/div><\/div><\/p>\n","protected":false},"excerpt":{"rendered":"","protected":false},"author":1,"featured_media":0,"parent":112,"menu_order":0,"comment_status":"closed","ping_status":"closed","template":"100-width.php","meta":{"_acf_changed":false,"footnotes":""},"class_list":["post-116","page","type-page","status-publish","hentry"],"acf":[],"yoast_head":"<!-- This site is optimized with the Yoast SEO plugin v23.7 - https:\/\/yoast.com\/wordpress\/plugins\/seo\/ -->\n<title>International A Levels: 11. und 12. Schuljahr - Swiss Boarding Schools Disentis &amp; Zurich<\/title>\n<meta name=\"robots\" content=\"index, follow, max-snippet:-1, max-image-preview:large, max-video-preview:-1\" \/>\n<link rel=\"canonical\" href=\"https:\/\/www.sbs-disentis-zurich.ch\/de\/schule\/international-a-levels\/\" \/>\n<meta property=\"og:locale\" content=\"de_DE\" \/>\n<meta property=\"og:type\" content=\"article\" \/>\n<meta property=\"og:title\" content=\"International A Levels: 11. und 12. Schuljahr - Swiss Boarding Schools Disentis &amp; Zurich\" \/>\n<meta property=\"og:url\" content=\"https:\/\/www.sbs-disentis-zurich.ch\/de\/schule\/international-a-levels\/\" \/>\n<meta property=\"og:site_name\" content=\"Swiss Boarding Schools Disentis &amp; Zurich\" \/>\n<meta property=\"article:modified_time\" content=\"2026-03-23T14:17:46+00:00\" \/>\n<meta name=\"twitter:card\" content=\"summary_large_image\" \/>\n<meta name=\"twitter:label1\" content=\"Gesch\u00e4tzte Lesezeit\" \/>\n\t<meta name=\"twitter:data1\" content=\"2\u00a0Minuten\" \/>\n<script type=\"application\/ld+json\" class=\"yoast-schema-graph\">{\"@context\":\"https:\/\/schema.org\",\"@graph\":[{\"@type\":\"WebPage\",\"@id\":\"https:\/\/www.sbs-disentis-zurich.ch\/de\/schule\/international-a-levels\/\",\"url\":\"https:\/\/www.sbs-disentis-zurich.ch\/de\/schule\/international-a-levels\/\",\"name\":\"International A Levels: 11. und 12. Schuljahr - Swiss Boarding Schools Disentis &amp; Zurich\",\"isPartOf\":{\"@id\":\"https:\/\/www.sbs-disentis-zurich.ch\/#website\"},\"datePublished\":\"2022-11-30T14:59:17+00:00\",\"dateModified\":\"2026-03-23T14:17:46+00:00\",\"breadcrumb\":{\"@id\":\"https:\/\/www.sbs-disentis-zurich.ch\/de\/schule\/international-a-levels\/#breadcrumb\"},\"inLanguage\":\"de\",\"potentialAction\":[{\"@type\":\"ReadAction\",\"target\":[\"https:\/\/www.sbs-disentis-zurich.ch\/de\/schule\/international-a-levels\/\"]}]},{\"@type\":\"BreadcrumbList\",\"@id\":\"https:\/\/www.sbs-disentis-zurich.ch\/de\/schule\/international-a-levels\/#breadcrumb\",\"itemListElement\":[{\"@type\":\"ListItem\",\"position\":1,\"name\":\"Home\",\"item\":\"https:\/\/www.sbs-disentis-zurich.ch\/de\/\"},{\"@type\":\"ListItem\",\"position\":2,\"name\":\"Schule\",\"item\":\"https:\/\/www.sbs-disentis-zurich.ch\/de\/schule\/\"},{\"@type\":\"ListItem\",\"position\":3,\"name\":\"International A Levels: 11. und 12. Schuljahr\"}]},{\"@type\":\"WebSite\",\"@id\":\"https:\/\/www.sbs-disentis-zurich.ch\/#website\",\"url\":\"https:\/\/www.sbs-disentis-zurich.ch\/\",\"name\":\"Swiss Boarding Schools Disentis & Zurich\",\"description\":\"\",\"publisher\":{\"@id\":\"https:\/\/www.sbs-disentis-zurich.ch\/#organization\"},\"potentialAction\":[{\"@type\":\"SearchAction\",\"target\":{\"@type\":\"EntryPoint\",\"urlTemplate\":\"https:\/\/www.sbs-disentis-zurich.ch\/?s={search_term_string}\"},\"query-input\":{\"@type\":\"PropertyValueSpecification\",\"valueRequired\":true,\"valueName\":\"search_term_string\"}}],\"inLanguage\":\"de\"},{\"@type\":\"Organization\",\"@id\":\"https:\/\/www.sbs-disentis-zurich.ch\/#organization\",\"name\":\"Swiss Boarding Schools Disentis &; Zurich\",\"url\":\"https:\/\/www.sbs-disentis-zurich.ch\/\",\"logo\":{\"@type\":\"ImageObject\",\"inLanguage\":\"de\",\"@id\":\"https:\/\/www.sbs-disentis-zurich.ch\/#\/schema\/logo\/image\/\",\"url\":\"https:\/\/www.sbs-disentis-zurich.ch\/wp-content\/uploads\/sbsdz-2x.png\",\"contentUrl\":\"https:\/\/www.sbs-disentis-zurich.ch\/wp-content\/uploads\/sbsdz-2x.png\",\"width\":520,\"height\":112,\"caption\":\"Swiss Boarding Schools Disentis &; Zurich\"},\"image\":{\"@id\":\"https:\/\/www.sbs-disentis-zurich.ch\/#\/schema\/logo\/image\/\"}}]}<\/script>\n<!-- \/ Yoast SEO plugin. -->","yoast_head_json":{"title":"International A Levels: 11. und 12. Schuljahr - Swiss Boarding Schools Disentis &amp; Zurich","robots":{"index":"index","follow":"follow","max-snippet":"max-snippet:-1","max-image-preview":"max-image-preview:large","max-video-preview":"max-video-preview:-1"},"canonical":"https:\/\/www.sbs-disentis-zurich.ch\/de\/schule\/international-a-levels\/","og_locale":"de_DE","og_type":"article","og_title":"International A Levels: 11. und 12. Schuljahr - Swiss Boarding Schools Disentis &amp; Zurich","og_url":"https:\/\/www.sbs-disentis-zurich.ch\/de\/schule\/international-a-levels\/","og_site_name":"Swiss Boarding Schools Disentis &amp; Zurich","article_modified_time":"2026-03-23T14:17:46+00:00","twitter_card":"summary_large_image","twitter_misc":{"Gesch\u00e4tzte Lesezeit":"2\u00a0Minuten"},"schema":{"@context":"https:\/\/schema.org","@graph":[{"@type":"WebPage","@id":"https:\/\/www.sbs-disentis-zurich.ch\/de\/schule\/international-a-levels\/","url":"https:\/\/www.sbs-disentis-zurich.ch\/de\/schule\/international-a-levels\/","name":"International A Levels: 11. und 12. Schuljahr - Swiss Boarding Schools Disentis &amp; Zurich","isPartOf":{"@id":"https:\/\/www.sbs-disentis-zurich.ch\/#website"},"datePublished":"2022-11-30T14:59:17+00:00","dateModified":"2026-03-23T14:17:46+00:00","breadcrumb":{"@id":"https:\/\/www.sbs-disentis-zurich.ch\/de\/schule\/international-a-levels\/#breadcrumb"},"inLanguage":"de","potentialAction":[{"@type":"ReadAction","target":["https:\/\/www.sbs-disentis-zurich.ch\/de\/schule\/international-a-levels\/"]}]},{"@type":"BreadcrumbList","@id":"https:\/\/www.sbs-disentis-zurich.ch\/de\/schule\/international-a-levels\/#breadcrumb","itemListElement":[{"@type":"ListItem","position":1,"name":"Home","item":"https:\/\/www.sbs-disentis-zurich.ch\/de\/"},{"@type":"ListItem","position":2,"name":"Schule","item":"https:\/\/www.sbs-disentis-zurich.ch\/de\/schule\/"},{"@type":"ListItem","position":3,"name":"International A Levels: 11. und 12. Schuljahr"}]},{"@type":"WebSite","@id":"https:\/\/www.sbs-disentis-zurich.ch\/#website","url":"https:\/\/www.sbs-disentis-zurich.ch\/","name":"Swiss Boarding Schools Disentis & Zurich","description":"","publisher":{"@id":"https:\/\/www.sbs-disentis-zurich.ch\/#organization"},"potentialAction":[{"@type":"SearchAction","target":{"@type":"EntryPoint","urlTemplate":"https:\/\/www.sbs-disentis-zurich.ch\/?s={search_term_string}"},"query-input":{"@type":"PropertyValueSpecification","valueRequired":true,"valueName":"search_term_string"}}],"inLanguage":"de"},{"@type":"Organization","@id":"https:\/\/www.sbs-disentis-zurich.ch\/#organization","name":"Swiss Boarding Schools Disentis &; Zurich","url":"https:\/\/www.sbs-disentis-zurich.ch\/","logo":{"@type":"ImageObject","inLanguage":"de","@id":"https:\/\/www.sbs-disentis-zurich.ch\/#\/schema\/logo\/image\/","url":"https:\/\/www.sbs-disentis-zurich.ch\/wp-content\/uploads\/sbsdz-2x.png","contentUrl":"https:\/\/www.sbs-disentis-zurich.ch\/wp-content\/uploads\/sbsdz-2x.png","width":520,"height":112,"caption":"Swiss Boarding Schools Disentis &; Zurich"},"image":{"@id":"https:\/\/www.sbs-disentis-zurich.ch\/#\/schema\/logo\/image\/"}}]}},"_links":{"self":[{"href":"https:\/\/www.sbs-disentis-zurich.ch\/de\/wp-json\/wp\/v2\/pages\/116","targetHints":{"allow":["GET"]}}],"collection":[{"href":"https:\/\/www.sbs-disentis-zurich.ch\/de\/wp-json\/wp\/v2\/pages"}],"about":[{"href":"https:\/\/www.sbs-disentis-zurich.ch\/de\/wp-json\/wp\/v2\/types\/page"}],"author":[{"embeddable":true,"href":"https:\/\/www.sbs-disentis-zurich.ch\/de\/wp-json\/wp\/v2\/users\/1"}],"replies":[{"embeddable":true,"href":"https:\/\/www.sbs-disentis-zurich.ch\/de\/wp-json\/wp\/v2\/comments?post=116"}],"version-history":[{"count":24,"href":"https:\/\/www.sbs-disentis-zurich.ch\/de\/wp-json\/wp\/v2\/pages\/116\/revisions"}],"predecessor-version":[{"id":3246,"href":"https:\/\/www.sbs-disentis-zurich.ch\/de\/wp-json\/wp\/v2\/pages\/116\/revisions\/3246"}],"up":[{"embeddable":true,"href":"https:\/\/www.sbs-disentis-zurich.ch\/de\/wp-json\/wp\/v2\/pages\/112"}],"wp:attachment":[{"href":"https:\/\/www.sbs-disentis-zurich.ch\/de\/wp-json\/wp\/v2\/media?parent=116"}],"curies":[{"name":"wp","href":"https:\/\/api.w.org\/{rel}","templated":true}]}}