{"id":119,"date":"2022-11-30T14:59:54","date_gmt":"2022-11-30T14:59:54","guid":{"rendered":"https:\/\/www.sbs-disentis-zurich.ch\/mountain-campus\/"},"modified":"2024-09-24T13:38:12","modified_gmt":"2024-09-24T12:38:12","slug":"mountain-campus","status":"publish","type":"page","link":"https:\/\/www.sbs-disentis-zurich.ch\/de\/mountain-campus\/","title":{"rendered":"Mountain Campus"},"content":{"rendered":"<p><div class=\"fusion-fullwidth fullwidth-box fusion-builder-row-1 fusion-flex-container has-pattern-background has-mask-background nonhundred-percent-fullwidth non-hundred-percent-height-scrolling\" style=\"--awb-border-radius-top-left:0px;--awb-border-radius-top-right:0px;--awb-border-radius-bottom-right:0px;--awb-border-radius-bottom-left:0px;--awb-padding-top:30px;--awb-flex-wrap:wrap;\" ><div class=\"fusion-builder-row fusion-row fusion-flex-align-items-flex-start fusion-flex-content-wrap\" style=\"max-width:calc( 1200px + 20px );margin-left: calc(-20px \/ 2 );margin-right: calc(-20px \/ 2 );\"><div class=\"fusion-layout-column fusion_builder_column fusion-builder-column-0 fusion_builder_column_1_1 1_1 fusion-flex-column\" style=\"--awb-bg-size:cover;--awb-width-large:100%;--awb-margin-top-large:0px;--awb-spacing-right-large:10px;--awb-margin-bottom-large:0px;--awb-spacing-left-large:10px;--awb-width-medium:100%;--awb-spacing-right-medium:10px;--awb-spacing-left-medium:10px;--awb-width-small:100%;--awb-spacing-right-small:10px;--awb-spacing-left-small:10px;\"><div class=\"fusion-column-wrapper fusion-flex-justify-content-flex-start fusion-content-layout-column\"><div class=\"fusion-title title fusion-title-1 fusion-sep-none fusion-title-text fusion-title-size-one\"><h1 class=\"fusion-title-heading title-heading-left fusion-responsive-typography-calculated\" style=\"margin:0;--fontSize:36;line-height:var(--awb-typography1-line-height);\">LEBEN IN DEN BERGEN: UNSER MOUNTAIN CAMPUS<\/h1><\/div><div class=\"fusion-text fusion-text-1\"><p>Dort lernen, wo andere Ferien machen? Mitten in der fantastischen Bergwelt Graub\u00fcndens liegt Disentis. Die eindr\u00fccklichen Landschaften rund um die Quelle des Rheins, den Oberalp- und den Lukmanierpass sowie die Rheinschlucht verlocken zum Biken, Wandern oder Klettern.<\/p>\n<p>Direkt vor der Haust\u00fcr liegt eines der gr\u00f6ssten Skigebiete der Schweiz, Andermatt+Sedrun+Disentis. Im Dorf mit seinen ca. 2000 Einwohnern gibt es zahlreiche Einkaufsm\u00f6glichkeiten, Caf\u00e9s und Restaurants. Auch Wochenendausfl\u00fcge nach Mailand oder in die italienischsprachige Schweiz sind aufgrund der geografischen N\u00e4he problemlos m\u00f6glich.<\/p>\n<p>Seit Hunderten von Jahren pr\u00e4gt das Kloster mit seiner Schule das Dorf. Hier wird Bildung, Gemeinschaft und gegenseitiger Respekt hochgehalten und eine lange Musiktradition gepflegt. Ehemalige Sch\u00fclerinnen und Sch\u00fcler halten \u00fcber Jahrzehnte Kontakt miteinander und mit unserer Schule.<\/p>\n<\/div><\/div><\/div><\/div><\/div><div class=\"fusion-fullwidth fullwidth-box fusion-builder-row-2 fusion-flex-container has-pattern-background has-mask-background nonhundred-percent-fullwidth non-hundred-percent-height-scrolling\" style=\"--awb-border-radius-top-left:0px;--awb-border-radius-top-right:0px;--awb-border-radius-bottom-right:0px;--awb-border-radius-bottom-left:0px;--awb-flex-wrap:wrap;\" ><div class=\"fusion-builder-row fusion-row fusion-flex-align-items-flex-start fusion-flex-content-wrap\" style=\"max-width:calc( 1200px + 20px );margin-left: calc(-20px \/ 2 );margin-right: calc(-20px \/ 2 );\"><div class=\"fusion-layout-column fusion_builder_column fusion-builder-column-1 fusion_builder_column_1_3 1_3 fusion-flex-column\" style=\"--awb-bg-size:cover;--awb-width-large:33.333333333333%;--awb-margin-top-large:0px;--awb-spacing-right-large:10px;--awb-margin-bottom-large:20px;--awb-spacing-left-large:10px;--awb-width-medium:33.333333333333%;--awb-order-medium:0;--awb-spacing-right-medium:10px;--awb-spacing-left-medium:10px;--awb-width-small:100%;--awb-order-small:0;--awb-spacing-right-small:10px;--awb-spacing-left-small:10px;\"><div class=\"fusion-column-wrapper fusion-column-has-shadow fusion-flex-justify-content-flex-start fusion-content-layout-column\"><div class=\"jag-himg-wrapper wvNdQEDciO \">\t<div class=\"jag-hoverimage-card  jag-himg-s1  jag-title-default jag-himg-e4\" onclick=\"\">\n\t\t\n\t\t\t\t\t<a class=\"jag-wrapper-link\" href=https:\/\/www.sbs-disentis-zurich.ch\/de\/mountain-campus\/the-choice-is-yours\/>\n\t\t\t\t\t\t<img decoding=\"async\" src=\"https:\/\/www.sbs-disentis-zurich.ch\/wp-content\/uploads\/mountain_campus_wohnen_in_disentis_1000x1000.jpg\" class=\"jag_fimg_main\">\n\t\t\t\n            \n\t\t\t<div class=\"jag-hoverimage-overlay\"><\/div>\n\t\t\t\n\t\t\t\t\t\t\n\t\t\t<div class=\"jag-hover-content-wrapper\">\n\t\t\t\t<div class=\"jag-hoverimage-content jag-align-left jag-align-bottom\">\n\t\t\t\t\t\t\t\t\t\t\t<div class=\"clearfix\"><\/div>\n\t\t\t\t\t\t<div class=\"jag-hoverimage-title\">\n\t\t\t\t\t\t\tThe choice is yours\t\t\t\t\t\t<\/div>\n\t\t\t\t\t\t\t\t\t\t<div class=\"jag-title-default-wrapper\">\n\t\t\t\t\t\t\t\t\t\t\t\t<div class=\"clearfix\"><\/div>\n\t\t\t\t\t\t\t<div class=\"jag-hoverimage-short-desc\">\n\t\t\t\t\t\t\t\t\n<p>Wo Tradition und Moderne zu einer Einheit verschmelzen.<\/p>\n\t\t\t\t\t\t\t<\/div>\n\t\t\t\t\t\t\t\t\t\t\t\t\t<div class=\"clearfix\"><\/div>\n\t\t\t\t\t\t\t<div class=\"jag-himg-readmore-wrapper\">\n\t\t\t\t\t\t\t\t\t\t\t\t\t\t\t\t\t<span class=\"jag-himg-readmore jag-btn-medium jag-btn-fill\">\n\t\t\t\t\t\t\t\t\t\t\t\t\t\t\t\t\t\t\t\t\t\t\t\t\tMehr erfahren\t\t\t\t\t\t\t\t\t\t\t\t\t\t\t\t\t\t\t\t\t\t\t\t\t<\/span>\n\t\t\t\t\t\t\t\t\t\t\t\t\t\t\t<\/div>\n\t\t\t\t\t\t\t\t\t\t\t<\/div>\n\t\t\t\t\t\t\t\t\t<\/div>\n\t\t\t<\/div>\n\t\t\t\t\t<\/a>\n\t\t\t<\/div>\n\t<\/div><\/div><\/div><div class=\"fusion-layout-column fusion_builder_column fusion-builder-column-2 fusion_builder_column_1_3 1_3 fusion-flex-column\" style=\"--awb-bg-size:cover;--awb-width-large:33.333333333333%;--awb-margin-top-large:0px;--awb-spacing-right-large:10px;--awb-margin-bottom-large:20px;--awb-spacing-left-large:10px;--awb-width-medium:33.333333333333%;--awb-order-medium:0;--awb-spacing-right-medium:10px;--awb-spacing-left-medium:10px;--awb-width-small:100%;--awb-order-small:0;--awb-spacing-right-small:10px;--awb-spacing-left-small:10px;\"><div class=\"fusion-column-wrapper fusion-column-has-shadow fusion-flex-justify-content-flex-start fusion-content-layout-column\"><div class=\"jag-himg-wrapper IrMiZgYdOh \">\t<div class=\"jag-hoverimage-card  jag-himg-s1  jag-title-default jag-himg-e4\" onclick=\"\">\n\t\t\n\t\t\t\t\t<a class=\"jag-wrapper-link\" href=https:\/\/www.sbs-disentis-zurich.ch\/de\/mountain-campus\/wohnen-in-disentis\/>\n\t\t\t\t\t\t<img decoding=\"async\" src=\"https:\/\/www.sbs-disentis-zurich.ch\/wp-content\/uploads\/mountain_campus_wohnen_in_disentis_1000x1000-1.jpg\" class=\"jag_fimg_main\">\n\t\t\t\n            \n\t\t\t<div class=\"jag-hoverimage-overlay\"><\/div>\n\t\t\t\n\t\t\t\t\t\t\n\t\t\t<div class=\"jag-hover-content-wrapper\">\n\t\t\t\t<div class=\"jag-hoverimage-content jag-align-left jag-align-bottom\">\n\t\t\t\t\t\t\t\t\t\t\t<div class=\"clearfix\"><\/div>\n\t\t\t\t\t\t<div class=\"jag-hoverimage-title\">\n\t\t\t\t\t\t\tWohnen in Disentis\t\t\t\t\t\t<\/div>\n\t\t\t\t\t\t\t\t\t\t<div class=\"jag-title-default-wrapper\">\n\t\t\t\t\t\t\t\t\t\t\t\t<div class=\"clearfix\"><\/div>\n\t\t\t\t\t\t\t<div class=\"jag-hoverimage-short-desc\">\n\t\t\t\t\t\t\t\t\n<p>Ein behagliches Zuhause in den Schweizer Bergen.<\/p>\n\t\t\t\t\t\t\t<\/div>\n\t\t\t\t\t\t\t\t\t\t\t\t\t<div class=\"clearfix\"><\/div>\n\t\t\t\t\t\t\t<div class=\"jag-himg-readmore-wrapper\">\n\t\t\t\t\t\t\t\t\t\t\t\t\t\t\t\t\t<span class=\"jag-himg-readmore jag-btn-medium jag-btn-fill\">\n\t\t\t\t\t\t\t\t\t\t\t\t\t\t\t\t\t\t\t\t\t\t\t\t\tMehr erfahren\t\t\t\t\t\t\t\t\t\t\t\t\t\t\t\t\t\t\t\t\t\t\t\t\t<\/span>\n\t\t\t\t\t\t\t\t\t\t\t\t\t\t\t<\/div>\n\t\t\t\t\t\t\t\t\t\t\t<\/div>\n\t\t\t\t\t\t\t\t\t<\/div>\n\t\t\t<\/div>\n\t\t\t\t\t<\/a>\n\t\t\t<\/div>\n\t<\/div><\/div><\/div><div class=\"fusion-layout-column fusion_builder_column fusion-builder-column-3 fusion_builder_column_1_3 1_3 fusion-flex-column\" style=\"--awb-bg-size:cover;--awb-width-large:33.333333333333%;--awb-margin-top-large:0px;--awb-spacing-right-large:10px;--awb-margin-bottom-large:20px;--awb-spacing-left-large:10px;--awb-width-medium:33.333333333333%;--awb-order-medium:0;--awb-spacing-right-medium:10px;--awb-spacing-left-medium:10px;--awb-width-small:100%;--awb-order-small:0;--awb-spacing-right-small:10px;--awb-spacing-left-small:10px;\"><div class=\"fusion-column-wrapper fusion-column-has-shadow fusion-flex-justify-content-flex-start fusion-content-layout-column\"><div class=\"jag-himg-wrapper DCsiANAwYH \">\t<div class=\"jag-hoverimage-card  jag-himg-s1  jag-title-default jag-himg-e4\" onclick=\"\">\n\t\t\n\t\t\t\t\t<a class=\"jag-wrapper-link\" href=https:\/\/www.sbs-disentis-zurich.ch\/de\/mountain-campus\/freizeit\/>\n\t\t\t\t\t\t<img decoding=\"async\" src=\"https:\/\/www.sbs-disentis-zurich.ch\/wp-content\/uploads\/impressionen_disentis_18-scaled.jpg\" class=\"jag_fimg_main\">\n\t\t\t\n            \n\t\t\t<div class=\"jag-hoverimage-overlay\"><\/div>\n\t\t\t\n\t\t\t\t\t\t\n\t\t\t<div class=\"jag-hover-content-wrapper\">\n\t\t\t\t<div class=\"jag-hoverimage-content jag-align-left jag-align-bottom\">\n\t\t\t\t\t\t\t\t\t\t\t<div class=\"clearfix\"><\/div>\n\t\t\t\t\t\t<div class=\"jag-hoverimage-title\">\n\t\t\t\t\t\t\tFreizeit in Disentis\t\t\t\t\t\t<\/div>\n\t\t\t\t\t\t\t\t\t\t<div class=\"jag-title-default-wrapper\">\n\t\t\t\t\t\t\t\t\t\t\t\t<div class=\"clearfix\"><\/div>\n\t\t\t\t\t\t\t<div class=\"jag-hoverimage-short-desc\">\n\t\t\t\t\t\t\t\t\n<p>Mountainbiken im Sommer, Skifahren im Winter, Gemeinschaft, Spass und Erholung das ganze Jahr.<\/p>\n\t\t\t\t\t\t\t<\/div>\n\t\t\t\t\t\t\t\t\t\t\t\t\t<div class=\"clearfix\"><\/div>\n\t\t\t\t\t\t\t<div class=\"jag-himg-readmore-wrapper\">\n\t\t\t\t\t\t\t\t\t\t\t\t\t\t\t\t\t<span class=\"jag-himg-readmore jag-btn-medium jag-btn-fill\">\n\t\t\t\t\t\t\t\t\t\t\t\t\t\t\t\t\t\t\t\t\t\t\t\t\tMehr erfahren\t\t\t\t\t\t\t\t\t\t\t\t\t\t\t\t\t\t\t\t\t\t\t\t\t<\/span>\n\t\t\t\t\t\t\t\t\t\t\t\t\t\t\t<\/div>\n\t\t\t\t\t\t\t\t\t\t\t<\/div>\n\t\t\t\t\t\t\t\t\t<\/div>\n\t\t\t<\/div>\n\t\t\t\t\t<\/a>\n\t\t\t<\/div>\n\t<\/div><\/div><\/div><div class=\"fusion-layout-column fusion_builder_column fusion-builder-column-4 fusion_builder_column_1_3 1_3 fusion-flex-column\" style=\"--awb-bg-size:cover;--awb-width-large:33.333333333333%;--awb-margin-top-large:0px;--awb-spacing-right-large:10px;--awb-margin-bottom-large:20px;--awb-spacing-left-large:10px;--awb-width-medium:33.333333333333%;--awb-order-medium:0;--awb-spacing-right-medium:10px;--awb-spacing-left-medium:10px;--awb-width-small:100%;--awb-order-small:0;--awb-spacing-right-small:10px;--awb-spacing-left-small:10px;\"><div class=\"fusion-column-wrapper fusion-column-has-shadow fusion-flex-justify-content-flex-start fusion-content-layout-column\"><div class=\"jag-himg-wrapper AEeJamwaCR \">\t<div class=\"jag-hoverimage-card  jag-himg-s1  jag-title-default jag-himg-e4\" onclick=\"\">\n\t\t\n\t\t\t\t\t<a class=\"jag-wrapper-link\" href=https:\/\/www.sbs-disentis-zurich.ch\/de\/mountain-campus\/tagesablauf\/>\n\t\t\t\t\t\t<img decoding=\"async\" src=\"https:\/\/www.sbs-disentis-zurich.ch\/wp-content\/uploads\/mountain_campus_typischer_tag_1000x1000.jpg\" class=\"jag_fimg_main\">\n\t\t\t\n            \n\t\t\t<div class=\"jag-hoverimage-overlay\"><\/div>\n\t\t\t\n\t\t\t\t\t\t\n\t\t\t<div class=\"jag-hover-content-wrapper\">\n\t\t\t\t<div class=\"jag-hoverimage-content jag-align-left jag-align-bottom\">\n\t\t\t\t\t\t\t\t\t\t\t<div class=\"clearfix\"><\/div>\n\t\t\t\t\t\t<div class=\"jag-hoverimage-title\">\n\t\t\t\t\t\t\tEin typischer Tag\t\t\t\t\t\t<\/div>\n\t\t\t\t\t\t\t\t\t\t<div class=\"jag-title-default-wrapper\">\n\t\t\t\t\t\t\t\t\t\t\t\t<div class=\"clearfix\"><\/div>\n\t\t\t\t\t\t\t<div class=\"jag-hoverimage-short-desc\">\n\t\t\t\t\t\t\t\t\n<p>Strukturiert, aber dennoch mit gen\u00fcgend Freiraum.<\/p>\n\t\t\t\t\t\t\t<\/div>\n\t\t\t\t\t\t\t\t\t\t\t\t\t<div class=\"clearfix\"><\/div>\n\t\t\t\t\t\t\t<div class=\"jag-himg-readmore-wrapper\">\n\t\t\t\t\t\t\t\t\t\t\t\t\t\t\t\t\t<span class=\"jag-himg-readmore jag-btn-medium jag-btn-fill\">\n\t\t\t\t\t\t\t\t\t\t\t\t\t\t\t\t\t\t\t\t\t\t\t\t\tMehr erfahren\t\t\t\t\t\t\t\t\t\t\t\t\t\t\t\t\t\t\t\t\t\t\t\t\t<\/span>\n\t\t\t\t\t\t\t\t\t\t\t\t\t\t\t<\/div>\n\t\t\t\t\t\t\t\t\t\t\t<\/div>\n\t\t\t\t\t\t\t\t\t<\/div>\n\t\t\t<\/div>\n\t\t\t\t\t<\/a>\n\t\t\t<\/div>\n\t<\/div><\/div><\/div><div class=\"fusion-layout-column fusion_builder_column fusion-builder-column-5 fusion_builder_column_1_3 1_3 fusion-flex-column\" style=\"--awb-bg-size:cover;--awb-width-large:33.333333333333%;--awb-margin-top-large:0px;--awb-spacing-right-large:10px;--awb-margin-bottom-large:20px;--awb-spacing-left-large:10px;--awb-width-medium:33.333333333333%;--awb-order-medium:0;--awb-spacing-right-medium:10px;--awb-spacing-left-medium:10px;--awb-width-small:100%;--awb-order-small:0;--awb-spacing-right-small:10px;--awb-spacing-left-small:10px;\"><div class=\"fusion-column-wrapper fusion-column-has-shadow fusion-flex-justify-content-flex-start fusion-content-layout-column\"><div class=\"jag-himg-wrapper ZgiuGFlUpP \">\t<div class=\"jag-hoverimage-card  jag-himg-s1  jag-title-default jag-himg-e4\" onclick=\"\">\n\t\t\n\t\t\t\t\t<a class=\"jag-wrapper-link\" href=https:\/\/www.sbs-disentis-zurich.ch\/de\/mountain-campus\/sicherheit-und-gesundheit\/>\n\t\t\t\t\t\t<img decoding=\"async\" src=\"https:\/\/www.sbs-disentis-zurich.ch\/wp-content\/uploads\/mountain_campus_sicherheit_gesundheit_1000x1000-1.jpg\" class=\"jag_fimg_main\">\n\t\t\t\n            \n\t\t\t<div class=\"jag-hoverimage-overlay\"><\/div>\n\t\t\t\n\t\t\t\t\t\t\n\t\t\t<div class=\"jag-hover-content-wrapper\">\n\t\t\t\t<div class=\"jag-hoverimage-content jag-align-left jag-align-bottom\">\n\t\t\t\t\t\t\t\t\t\t\t<div class=\"clearfix\"><\/div>\n\t\t\t\t\t\t<div class=\"jag-hoverimage-title\">\n\t\t\t\t\t\t\tSicherheit und Gesundheit\t\t\t\t\t\t<\/div>\n\t\t\t\t\t\t\t\t\t\t<div class=\"jag-title-default-wrapper\">\n\t\t\t\t\t\t\t\t\t\t\t\t<div class=\"clearfix\"><\/div>\n\t\t\t\t\t\t\t<div class=\"jag-hoverimage-short-desc\">\n\t\t\t\t\t\t\t\t\n<p>Das Wohlbefinden Ihrer Tochter, Ihres Sohns hat oberste Priorit\u00e4t.<\/p>\n\t\t\t\t\t\t\t<\/div>\n\t\t\t\t\t\t\t\t\t\t\t\t\t<div class=\"clearfix\"><\/div>\n\t\t\t\t\t\t\t<div class=\"jag-himg-readmore-wrapper\">\n\t\t\t\t\t\t\t\t\t\t\t\t\t\t\t\t\t<span class=\"jag-himg-readmore jag-btn-medium jag-btn-fill\">\n\t\t\t\t\t\t\t\t\t\t\t\t\t\t\t\t\t\t\t\t\t\t\t\t\tMehr erfahren\t\t\t\t\t\t\t\t\t\t\t\t\t\t\t\t\t\t\t\t\t\t\t\t\t<\/span>\n\t\t\t\t\t\t\t\t\t\t\t\t\t\t\t<\/div>\n\t\t\t\t\t\t\t\t\t\t\t<\/div>\n\t\t\t\t\t\t\t\t\t<\/div>\n\t\t\t<\/div>\n\t\t\t\t\t<\/a>\n\t\t\t<\/div>\n\t<\/div><\/div><\/div><div class=\"fusion-layout-column fusion_builder_column fusion-builder-column-6 fusion_builder_column_1_3 1_3 fusion-flex-column\" style=\"--awb-bg-size:cover;--awb-width-large:33.333333333333%;--awb-margin-top-large:0px;--awb-spacing-right-large:10px;--awb-margin-bottom-large:20px;--awb-spacing-left-large:10px;--awb-width-medium:33.333333333333%;--awb-order-medium:0;--awb-spacing-right-medium:10px;--awb-spacing-left-medium:10px;--awb-width-small:100%;--awb-order-small:0;--awb-spacing-right-small:10px;--awb-spacing-left-small:10px;\"><div class=\"fusion-column-wrapper fusion-column-has-shadow fusion-flex-justify-content-flex-start fusion-content-layout-column\"><div class=\"jag-himg-wrapper GAZuJfwmyQ \">\t<div class=\"jag-hoverimage-card  jag-himg-s1  jag-title-default jag-himg-e4\" onclick=\"\">\n\t\t\n\t\t\t\t\t<a class=\"jag-wrapper-link\" href=https:\/\/www.sbs-disentis-zurich.ch\/de\/mountain-campus\/impressionen\/>\n\t\t\t\t\t\t<img decoding=\"async\" src=\"https:\/\/www.sbs-disentis-zurich.ch\/wp-content\/uploads\/mountain_campus_impressionen_1000x1000.jpg\" class=\"jag_fimg_main\">\n\t\t\t\n            \n\t\t\t<div class=\"jag-hoverimage-overlay\"><\/div>\n\t\t\t\n\t\t\t\t\t\t\n\t\t\t<div class=\"jag-hover-content-wrapper\">\n\t\t\t\t<div class=\"jag-hoverimage-content jag-align-left jag-align-bottom\">\n\t\t\t\t\t\t\t\t\t\t\t<div class=\"clearfix\"><\/div>\n\t\t\t\t\t\t<div class=\"jag-hoverimage-title\">\n\t\t\t\t\t\t\tImpressionen\t\t\t\t\t\t<\/div>\n\t\t\t\t\t\t\t\t\t\t<div class=\"jag-title-default-wrapper\">\n\t\t\t\t\t\t\t\t\t\t\t\t<div class=\"clearfix\"><\/div>\n\t\t\t\t\t\t\t<div class=\"jag-hoverimage-short-desc\">\n\t\t\t\t\t\t\t\t\n<p>Bilder sagen mehr als Worte.<\/p>\n\t\t\t\t\t\t\t<\/div>\n\t\t\t\t\t\t\t\t\t\t\t\t\t<div class=\"clearfix\"><\/div>\n\t\t\t\t\t\t\t<div class=\"jag-himg-readmore-wrapper\">\n\t\t\t\t\t\t\t\t\t\t\t\t\t\t\t\t\t<span class=\"jag-himg-readmore jag-btn-medium jag-btn-fill\">\n\t\t\t\t\t\t\t\t\t\t\t\t\t\t\t\t\t\t\t\t\t\t\t\t\tMehr erfahren\t\t\t\t\t\t\t\t\t\t\t\t\t\t\t\t\t\t\t\t\t\t\t\t\t<\/span>\n\t\t\t\t\t\t\t\t\t\t\t\t\t\t\t<\/div>\n\t\t\t\t\t\t\t\t\t\t\t<\/div>\n\t\t\t\t\t\t\t\t\t<\/div>\n\t\t\t<\/div>\n\t\t\t\t\t<\/a>\n\t\t\t<\/div>\n\t<\/div><\/div><\/div><\/div><\/div><\/p>\n","protected":false},"excerpt":{"rendered":"","protected":false},"author":1,"featured_media":0,"parent":0,"menu_order":0,"comment_status":"closed","ping_status":"closed","template":"100-width.php","meta":{"_acf_changed":false,"footnotes":""},"class_list":["post-119","page","type-page","status-publish","hentry"],"acf":[],"yoast_head":"<!-- This site is optimized with the Yoast SEO plugin v23.7 - https:\/\/yoast.com\/wordpress\/plugins\/seo\/ -->\n<title>Mountain Campus - Swiss Boarding Schools Disentis &amp; Zurich<\/title>\n<meta name=\"robots\" content=\"index, follow, max-snippet:-1, max-image-preview:large, max-video-preview:-1\" \/>\n<link rel=\"canonical\" href=\"https:\/\/www.sbs-disentis-zurich.ch\/de\/mountain-campus\/\" \/>\n<meta property=\"og:locale\" content=\"de_DE\" \/>\n<meta property=\"og:type\" content=\"article\" \/>\n<meta property=\"og:title\" content=\"Mountain Campus - Swiss Boarding Schools Disentis &amp; Zurich\" \/>\n<meta property=\"og:url\" content=\"https:\/\/www.sbs-disentis-zurich.ch\/de\/mountain-campus\/\" \/>\n<meta property=\"og:site_name\" content=\"Swiss Boarding Schools Disentis &amp; Zurich\" \/>\n<meta property=\"article:modified_time\" content=\"2024-09-24T12:38:12+00:00\" \/>\n<meta name=\"twitter:card\" content=\"summary_large_image\" \/>\n<meta name=\"twitter:label1\" content=\"Gesch\u00e4tzte Lesezeit\" \/>\n\t<meta name=\"twitter:data1\" content=\"3\u00a0Minuten\" \/>\n<script type=\"application\/ld+json\" class=\"yoast-schema-graph\">{\"@context\":\"https:\/\/schema.org\",\"@graph\":[{\"@type\":\"WebPage\",\"@id\":\"https:\/\/www.sbs-disentis-zurich.ch\/de\/mountain-campus\/\",\"url\":\"https:\/\/www.sbs-disentis-zurich.ch\/de\/mountain-campus\/\",\"name\":\"Mountain Campus - Swiss Boarding Schools Disentis &amp; Zurich\",\"isPartOf\":{\"@id\":\"https:\/\/www.sbs-disentis-zurich.ch\/#website\"},\"datePublished\":\"2022-11-30T14:59:54+00:00\",\"dateModified\":\"2024-09-24T12:38:12+00:00\",\"breadcrumb\":{\"@id\":\"https:\/\/www.sbs-disentis-zurich.ch\/de\/mountain-campus\/#breadcrumb\"},\"inLanguage\":\"de\",\"potentialAction\":[{\"@type\":\"ReadAction\",\"target\":[\"https:\/\/www.sbs-disentis-zurich.ch\/de\/mountain-campus\/\"]}]},{\"@type\":\"BreadcrumbList\",\"@id\":\"https:\/\/www.sbs-disentis-zurich.ch\/de\/mountain-campus\/#breadcrumb\",\"itemListElement\":[{\"@type\":\"ListItem\",\"position\":1,\"name\":\"Home\",\"item\":\"https:\/\/www.sbs-disentis-zurich.ch\/de\/\"},{\"@type\":\"ListItem\",\"position\":2,\"name\":\"Mountain Campus\"}]},{\"@type\":\"WebSite\",\"@id\":\"https:\/\/www.sbs-disentis-zurich.ch\/#website\",\"url\":\"https:\/\/www.sbs-disentis-zurich.ch\/\",\"name\":\"Swiss Boarding Schools Disentis & Zurich\",\"description\":\"\",\"publisher\":{\"@id\":\"https:\/\/www.sbs-disentis-zurich.ch\/#organization\"},\"potentialAction\":[{\"@type\":\"SearchAction\",\"target\":{\"@type\":\"EntryPoint\",\"urlTemplate\":\"https:\/\/www.sbs-disentis-zurich.ch\/?s={search_term_string}\"},\"query-input\":{\"@type\":\"PropertyValueSpecification\",\"valueRequired\":true,\"valueName\":\"search_term_string\"}}],\"inLanguage\":\"de\"},{\"@type\":\"Organization\",\"@id\":\"https:\/\/www.sbs-disentis-zurich.ch\/#organization\",\"name\":\"Swiss Boarding Schools Disentis &; Zurich\",\"url\":\"https:\/\/www.sbs-disentis-zurich.ch\/\",\"logo\":{\"@type\":\"ImageObject\",\"inLanguage\":\"de\",\"@id\":\"https:\/\/www.sbs-disentis-zurich.ch\/#\/schema\/logo\/image\/\",\"url\":\"https:\/\/www.sbs-disentis-zurich.ch\/wp-content\/uploads\/sbsdz-2x.png\",\"contentUrl\":\"https:\/\/www.sbs-disentis-zurich.ch\/wp-content\/uploads\/sbsdz-2x.png\",\"width\":520,\"height\":112,\"caption\":\"Swiss Boarding Schools Disentis &; Zurich\"},\"image\":{\"@id\":\"https:\/\/www.sbs-disentis-zurich.ch\/#\/schema\/logo\/image\/\"}}]}<\/script>\n<!-- \/ Yoast SEO plugin. -->","yoast_head_json":{"title":"Mountain Campus - Swiss Boarding Schools Disentis &amp; Zurich","robots":{"index":"index","follow":"follow","max-snippet":"max-snippet:-1","max-image-preview":"max-image-preview:large","max-video-preview":"max-video-preview:-1"},"canonical":"https:\/\/www.sbs-disentis-zurich.ch\/de\/mountain-campus\/","og_locale":"de_DE","og_type":"article","og_title":"Mountain Campus - Swiss Boarding Schools Disentis &amp; Zurich","og_url":"https:\/\/www.sbs-disentis-zurich.ch\/de\/mountain-campus\/","og_site_name":"Swiss Boarding Schools Disentis &amp; Zurich","article_modified_time":"2024-09-24T12:38:12+00:00","twitter_card":"summary_large_image","twitter_misc":{"Gesch\u00e4tzte Lesezeit":"3\u00a0Minuten"},"schema":{"@context":"https:\/\/schema.org","@graph":[{"@type":"WebPage","@id":"https:\/\/www.sbs-disentis-zurich.ch\/de\/mountain-campus\/","url":"https:\/\/www.sbs-disentis-zurich.ch\/de\/mountain-campus\/","name":"Mountain Campus - Swiss Boarding Schools Disentis &amp; Zurich","isPartOf":{"@id":"https:\/\/www.sbs-disentis-zurich.ch\/#website"},"datePublished":"2022-11-30T14:59:54+00:00","dateModified":"2024-09-24T12:38:12+00:00","breadcrumb":{"@id":"https:\/\/www.sbs-disentis-zurich.ch\/de\/mountain-campus\/#breadcrumb"},"inLanguage":"de","potentialAction":[{"@type":"ReadAction","target":["https:\/\/www.sbs-disentis-zurich.ch\/de\/mountain-campus\/"]}]},{"@type":"BreadcrumbList","@id":"https:\/\/www.sbs-disentis-zurich.ch\/de\/mountain-campus\/#breadcrumb","itemListElement":[{"@type":"ListItem","position":1,"name":"Home","item":"https:\/\/www.sbs-disentis-zurich.ch\/de\/"},{"@type":"ListItem","position":2,"name":"Mountain Campus"}]},{"@type":"WebSite","@id":"https:\/\/www.sbs-disentis-zurich.ch\/#website","url":"https:\/\/www.sbs-disentis-zurich.ch\/","name":"Swiss Boarding Schools Disentis & Zurich","description":"","publisher":{"@id":"https:\/\/www.sbs-disentis-zurich.ch\/#organization"},"potentialAction":[{"@type":"SearchAction","target":{"@type":"EntryPoint","urlTemplate":"https:\/\/www.sbs-disentis-zurich.ch\/?s={search_term_string}"},"query-input":{"@type":"PropertyValueSpecification","valueRequired":true,"valueName":"search_term_string"}}],"inLanguage":"de"},{"@type":"Organization","@id":"https:\/\/www.sbs-disentis-zurich.ch\/#organization","name":"Swiss Boarding Schools Disentis &; Zurich","url":"https:\/\/www.sbs-disentis-zurich.ch\/","logo":{"@type":"ImageObject","inLanguage":"de","@id":"https:\/\/www.sbs-disentis-zurich.ch\/#\/schema\/logo\/image\/","url":"https:\/\/www.sbs-disentis-zurich.ch\/wp-content\/uploads\/sbsdz-2x.png","contentUrl":"https:\/\/www.sbs-disentis-zurich.ch\/wp-content\/uploads\/sbsdz-2x.png","width":520,"height":112,"caption":"Swiss Boarding Schools Disentis &; Zurich"},"image":{"@id":"https:\/\/www.sbs-disentis-zurich.ch\/#\/schema\/logo\/image\/"}}]}},"_links":{"self":[{"href":"https:\/\/www.sbs-disentis-zurich.ch\/de\/wp-json\/wp\/v2\/pages\/119","targetHints":{"allow":["GET"]}}],"collection":[{"href":"https:\/\/www.sbs-disentis-zurich.ch\/de\/wp-json\/wp\/v2\/pages"}],"about":[{"href":"https:\/\/www.sbs-disentis-zurich.ch\/de\/wp-json\/wp\/v2\/types\/page"}],"author":[{"embeddable":true,"href":"https:\/\/www.sbs-disentis-zurich.ch\/de\/wp-json\/wp\/v2\/users\/1"}],"replies":[{"embeddable":true,"href":"https:\/\/www.sbs-disentis-zurich.ch\/de\/wp-json\/wp\/v2\/comments?post=119"}],"version-history":[{"count":24,"href":"https:\/\/www.sbs-disentis-zurich.ch\/de\/wp-json\/wp\/v2\/pages\/119\/revisions"}],"predecessor-version":[{"id":1937,"href":"https:\/\/www.sbs-disentis-zurich.ch\/de\/wp-json\/wp\/v2\/pages\/119\/revisions\/1937"}],"wp:attachment":[{"href":"https:\/\/www.sbs-disentis-zurich.ch\/de\/wp-json\/wp\/v2\/media?parent=119"}],"curies":[{"name":"wp","href":"https:\/\/api.w.org\/{rel}","templated":true}]}}